{"id":109,"date":"2023-05-31T16:26:15","date_gmt":"2023-05-31T14:26:15","guid":{"rendered":"https:\/\/pack.wine\/?post_type=product&#038;p=109"},"modified":"2024-02-13T15:41:25","modified_gmt":"2024-02-13T14:41:25","slug":"wine-shipping-packaging-magnum","status":"publish","type":"product","link":"https:\/\/pack.wine\/es\/producto\/wine-shipping-packaging-magnum\/","title":{"rendered":"Cajas de invio Vino - Magnum"},"content":{"rendered":"<p><strong>Especificaciones del producto:<\/strong><\/p>\n<ul>\n<li>Cajas de cart\u00f3n certificadas por DHL y UPS con insertos<\/li>\n<li>capa de inserci\u00f3n autom\u00e1tica \/ acumulaci\u00f3n en segundos<\/li>\n<li>caja de cart\u00f3n con solapas totalmente superpuestas<\/li>\n<li>material de doble onda extremadamente estable<\/li>\n<li>certificado para los siguientes tipos de botella: Schlegel 0,75 l\/ 1 l), Burdeos 0,75 l, Borgo\u00f1a y Prosecco \/ Vino espumoso \/ Champ\u00e1n<\/li>\n<\/ul>\n<p><strong>Datos del producto:<\/strong><\/p>\n<div class=\"product--description\">\n<ul>\n<li><strong>Dimensiones internas de un compartimento para botellas (L x W x H):<\/strong><br \/>\n105 x 105 x 420 mm<\/li>\n<li><strong>Dimensiones internas de una caja de botellas (L x W x H):<\/strong><br \/>\n144 x 144 x 425 mm<\/li>\n<li><strong>Dimensiones externas de una caja de botellas (L x W x H):<\/strong><br \/>\nmm<\/li>\n<\/ul>\n<\/div>\n<div class=\"t10-attributes-table\"><\/div>\n<p>&nbsp;<\/p>","protected":false},"excerpt":{"rendered":"<p><strong>Nuestras cajas de env\u00edo de botellas est\u00e1n hechas de cart\u00f3n corrugado doble extremadamente estable y, por lo tanto, ofrecen seguridad absoluta (certificado PTZ). Gracias al sistema bien pensado, las cajas se pueden configurar r\u00e1pida y f\u00e1cilmente.<\/strong><\/p>\n<p><img loading=\"lazy\" decoding=\"async\" class=\"wp-image-139 size-medium aligncenter\" src=\"https:\/\/pack.wine\/wp-content\/uploads\/2023\/06\/UPS-DHL-Logos-e1685886672447-300x109.png\" alt=\"\" width=\"150\" height=\"55\" srcset=\"https:\/\/pack.wine\/wp-content\/uploads\/2023\/06\/UPS-DHL-Logos-e1685886672447-300x109.png 300w, https:\/\/pack.wine\/wp-content\/uploads\/2023\/06\/UPS-DHL-Logos-e1685886672447-18x7.png 18w, https:\/\/pack.wine\/wp-content\/uploads\/2023\/06\/UPS-DHL-Logos-e1685886672447-416x151.png 416w, https:\/\/pack.wine\/wp-content\/uploads\/2023\/06\/UPS-DHL-Logos-e1685886672447.png 500w\" sizes=\"auto, (max-width: 150px) 100vw, 150px\" \/><\/p>\n<p style=\"text-align: center;\"><strong>- m\u00ednimo 175 piezas -<\/strong><\/p>\n<p style=\"text-align: center;\"><em>Desde <strong>250 unidades<\/strong> o <strong>palet completo<\/strong> por favor contactar <a href=\"mailto:mail@pack.wine\">mail@pack.wine<\/a> para condiciones especiales.<\/em><\/p>","protected":false},"featured_media":110,"comment_status":"open","ping_status":"closed","template":"","meta":[],"product_brand":[],"product_cat":[19],"product_tag":[29,26,20],"class_list":{"0":"post-109","1":"product","2":"type-product","3":"status-publish","4":"has-post-thumbnail","6":"product_cat-certified_shipping_wine_box","7":"product_tag-chianti","8":"product_tag-prosecco","9":"product_tag-wine","11":"first","12":"outofstock","13":"taxable","14":"shipping-taxable","15":"purchasable","16":"product-type-simple"},"_links":{"self":[{"href":"https:\/\/pack.wine\/es\/wp-json\/wp\/v2\/product\/109","targetHints":{"allow":["GET"]}}],"collection":[{"href":"https:\/\/pack.wine\/es\/wp-json\/wp\/v2\/product"}],"about":[{"href":"https:\/\/pack.wine\/es\/wp-json\/wp\/v2\/types\/product"}],"replies":[{"embeddable":true,"href":"https:\/\/pack.wine\/es\/wp-json\/wp\/v2\/comments?post=109"}],"wp:featuredmedia":[{"embeddable":true,"href":"https:\/\/pack.wine\/es\/wp-json\/wp\/v2\/media\/110"}],"wp:attachment":[{"href":"https:\/\/pack.wine\/es\/wp-json\/wp\/v2\/media?parent=109"}],"wp:term":[{"taxonomy":"product_brand","embeddable":true,"href":"https:\/\/pack.wine\/es\/wp-json\/wp\/v2\/product_brand?post=109"},{"taxonomy":"product_cat","embeddable":true,"href":"https:\/\/pack.wine\/es\/wp-json\/wp\/v2\/product_cat?post=109"},{"taxonomy":"product_tag","embeddable":true,"href":"https:\/\/pack.wine\/es\/wp-json\/wp\/v2\/product_tag?post=109"}],"curies":[{"name":"wp","href":"https:\/\/api.w.org\/{rel}","templated":true}]}}