{"id":80,"date":"2023-05-29T16:28:49","date_gmt":"2023-05-29T14:28:49","guid":{"rendered":"https:\/\/pack.wine\/?post_type=product&#038;p=80"},"modified":"2026-01-23T11:47:47","modified_gmt":"2026-01-23T10:47:47","slug":"wine-shipping-packaging","status":"publish","type":"product","link":"https:\/\/pack.wine\/fr\/produit\/vin-expedition-emballage\/","title":{"rendered":"Caisse d'exp\u00e9dition Vin - 1"},"content":{"rendered":"<p><strong>Sp\u00e9cifications  produit:<\/strong><\/p>\n<ul>\n<li>Caisses en carton certifi\u00e9es DHL &amp; UPS avec calage<\/li>\n<li>Calage automatique \/ assemblage en quelques secondes<\/li>\n<li>carton avec rabats enti\u00e8rement superpos\u00e9s<\/li>\n<li>mat\u00e9riau double vague extr\u00eamement stable<\/li>\n<li>certifi\u00e9 pour les types de bouteilles suivants : Schlegel 0,75l\/ 1l), Bordeaux 0,75l, Bourgogne &amp; Prosecco \/ Mousseux \/ Champagne<\/li>\n<\/ul>\n<p><strong>Donn\u00e9es produit\u00a0:<\/strong><\/p>\n<div class=\"product--description\">\n<ul>\n<li><strong>Dimensions int\u00e9rieures d'un compartiment \u00e0 bouteilles (L x l x H)\u00a0:<\/strong><br \/>\n95 x 95 x 368 mm<\/li>\n<li><strong>Dimensions int\u00e9rieures d'une caisse \u00e0 bouteilles (L x l x H) :<\/strong><br \/>\n106 x 106 x 420 mm<\/li>\n<li><strong>Dimensions ext\u00e9rieures d'une caisse \u00e0 bouteilles (L x l x H) :<\/strong><br \/>\n120 x 120 x 444 mm<\/li>\n<\/ul>\n<\/div>\n<div class=\"t10-attributes-table\"><\/div>\n<p>&nbsp;<\/p>","protected":false},"excerpt":{"rendered":"<p><strong>Nos caisses d'exp\u00e9dition de bouteilles sont fabriqu\u00e9es en carton ondul\u00e9 double extr\u00eamement stable et offrent donc une s\u00e9curit\u00e9 absolue (certificat PTZ). Gr\u00e2ce au syst\u00e8me bien pens\u00e9, les bo\u00eetes peuvent \u00eatre install\u00e9es rapidement et facilement.<\/strong><\/p>\n<p><img loading=\"lazy\" decoding=\"async\" class=\"wp-image-139 size-medium aligncenter\" src=\"https:\/\/pack.wine\/wp-content\/uploads\/2023\/06\/UPS-DHL-Logos-e1685886672447-300x109.png\" alt=\"\" width=\"150\" height=\"55\" srcset=\"https:\/\/pack.wine\/wp-content\/uploads\/2023\/06\/UPS-DHL-Logos-e1685886672447-300x109.png 300w, https:\/\/pack.wine\/wp-content\/uploads\/2023\/06\/UPS-DHL-Logos-e1685886672447-18x7.png 18w, https:\/\/pack.wine\/wp-content\/uploads\/2023\/06\/UPS-DHL-Logos-e1685886672447-416x151.png 416w, https:\/\/pack.wine\/wp-content\/uploads\/2023\/06\/UPS-DHL-Logos-e1685886672447.png 500w\" sizes=\"auto, (max-width: 150px) 100vw, 150px\" \/><\/p>\n<p style=\"text-align: center;\"><strong>- 20 pi\u00e8ces par paquet -<br \/>\n<\/strong><\/p>\n<p style=\"text-align: center;\"><em>A partir de <strong>250 pi\u00e8ces<\/strong> ou <strong>palette compl\u00e8te<\/strong> svp contactez <a href=\"mailto:mail@pack.wine\">mail@pack.wine<\/a> pour des conditions particuli\u00e8res.<\/em><\/p>","protected":false},"featured_media":81,"comment_status":"open","ping_status":"closed","template":"","meta":[],"product_brand":[],"product_cat":[19],"product_tag":[24,22,21],"class_list":{"0":"post-80","1":"product","2":"type-product","3":"status-publish","4":"has-post-thumbnail","6":"product_cat-certified_shipping_wine_box","7":"product_tag-1-bottle","8":"product_tag-shipping","9":"product_tag-winebox","11":"first","12":"outofstock","13":"taxable","14":"shipping-taxable","15":"purchasable","16":"product-type-simple"},"_links":{"self":[{"href":"https:\/\/pack.wine\/fr\/wp-json\/wp\/v2\/product\/80","targetHints":{"allow":["GET"]}}],"collection":[{"href":"https:\/\/pack.wine\/fr\/wp-json\/wp\/v2\/product"}],"about":[{"href":"https:\/\/pack.wine\/fr\/wp-json\/wp\/v2\/types\/product"}],"replies":[{"embeddable":true,"href":"https:\/\/pack.wine\/fr\/wp-json\/wp\/v2\/comments?post=80"}],"wp:featuredmedia":[{"embeddable":true,"href":"https:\/\/pack.wine\/fr\/wp-json\/wp\/v2\/media\/81"}],"wp:attachment":[{"href":"https:\/\/pack.wine\/fr\/wp-json\/wp\/v2\/media?parent=80"}],"wp:term":[{"taxonomy":"product_brand","embeddable":true,"href":"https:\/\/pack.wine\/fr\/wp-json\/wp\/v2\/product_brand?post=80"},{"taxonomy":"product_cat","embeddable":true,"href":"https:\/\/pack.wine\/fr\/wp-json\/wp\/v2\/product_cat?post=80"},{"taxonomy":"product_tag","embeddable":true,"href":"https:\/\/pack.wine\/fr\/wp-json\/wp\/v2\/product_tag?post=80"}],"curies":[{"name":"wp","href":"https:\/\/api.w.org\/{rel}","templated":true}]}}